{"id":2223,"date":"2025-04-23T16:28:14","date_gmt":"2025-04-23T16:28:14","guid":{"rendered":"https:\/\/oliviacorradini.fr\/?page_id=2223"},"modified":"2025-04-23T16:44:36","modified_gmt":"2025-04-23T16:44:36","slug":"mentions-legales","status":"publish","type":"page","link":"https:\/\/oliviacorradini.fr\/?page_id=2223","title":{"rendered":"MENTIONS LEGALES"},"content":{"rendered":"\t\t<div data-elementor-type=\"wp-page\" data-elementor-id=\"2223\" class=\"elementor elementor-2223\" data-elementor-post-type=\"page\">\n\t\t\t\t<div class=\"elementor-element elementor-element-3c54cc7 e-flex e-con-boxed wpr-particle-no wpr-jarallax-no wpr-parallax-no wpr-sticky-section-no e-con e-parent\" data-id=\"3c54cc7\" data-element_type=\"container\">\n\t\t\t\t\t<div class=\"e-con-inner\">\n\t\t\t\t<div class=\"elementor-element elementor-element-9257ca8 elementor-widget elementor-widget-heading\" data-id=\"9257ca8\" data-element_type=\"widget\" data-widget_type=\"heading.default\">\n\t\t\t\t<div class=\"elementor-widget-container\">\n\t\t\t\t\t<h2 class=\"elementor-heading-title elementor-size-default\">MENTIONS LEGALES<\/h2>\t\t\t\t<\/div>\n\t\t\t\t<\/div>\n\t\t\t\t\t<\/div>\n\t\t\t\t<\/div>\n\t\t<div class=\"elementor-element elementor-element-81ef669 e-flex e-con-boxed wpr-particle-no wpr-jarallax-no wpr-parallax-no wpr-sticky-section-no e-con e-parent\" data-id=\"81ef669\" data-element_type=\"container\">\n\t\t\t\t\t<div class=\"e-con-inner\">\n\t\t\t\t<div class=\"elementor-element elementor-element-dddd301 elementor-widget elementor-widget-spacer\" data-id=\"dddd301\" data-element_type=\"widget\" data-widget_type=\"spacer.default\">\n\t\t\t\t<div class=\"elementor-widget-container\">\n\t\t\t\t\t\t\t<div class=\"elementor-spacer\">\n\t\t\t<div class=\"elementor-spacer-inner\"><\/div>\n\t\t<\/div>\n\t\t\t\t\t\t<\/div>\n\t\t\t\t<\/div>\n\t\t\t\t\t<\/div>\n\t\t\t\t<\/div>\n\t\t<div class=\"elementor-element elementor-element-d4240f3 e-flex e-con-boxed wpr-particle-no wpr-jarallax-no wpr-parallax-no wpr-sticky-section-no e-con e-parent\" data-id=\"d4240f3\" data-element_type=\"container\">\n\t\t\t\t\t<div class=\"e-con-inner\">\n\t\t\t\t<div class=\"elementor-element elementor-element-63c6246 elementor-widget elementor-widget-text-editor\" data-id=\"63c6246\" data-element_type=\"widget\" data-widget_type=\"text-editor.default\">\n\t\t\t\t<div class=\"elementor-widget-container\">\n\t\t\t\t\t\t\t\t\t<h6><strong>1. \u00c9diteur du site<\/strong><\/h6><h6 data-start=\"293\" data-end=\"591\">Nom du site : oliviacorradini.fr<br data-start=\"331\" data-end=\"334\" \/>Propri\u00e9taire : Olivia Corradini<br data-start=\"383\" data-end=\"386\" \/>Email : olivia.corradini@gmail.com<\/h6><h6 data-start=\"293\" data-end=\"591\">2. H\u00e9bergeur du site<\/h6><h6 data-start=\"713\" data-end=\"854\">Nom de l\u2019h\u00e9bergeur : Hostinger<br data-start=\"775\" data-end=\"778\" \/>Adresse :HOSTINGER INTERNATIONAL LTD, 61 Lordou Vironos Street, 6023 Larnaca, Chypre<br data-start=\"816\" data-end=\"819\" \/>Site web :\u00a0<a href=\"https:\/\/www.hostinger.fr\/\">https:\/\/www.hostinger.fr<\/a><\/h6><h6><strong>3. Propri\u00e9t\u00e9 intellectuelle<\/strong><\/h6><h6 data-start=\"893\" data-end=\"1107\">L\u2019ensemble du contenu du site (textes, images, logo, graphismes, etc.) est prot\u00e9g\u00e9 par le droit d\u2019auteur. Toute reproduction ou repr\u00e9sentation, totale ou partielle, sans autorisation \u00e9crite pr\u00e9alable est interdite.<\/h6><h6 data-start=\"1109\" data-end=\"1141\"><strong>4. Donn\u00e9es personnelles<\/strong><\/h6><h6 data-start=\"1142\" data-end=\"1348\">Les informations recueillies via les formulaires de contact ou d\u2019inscription (nom, pr\u00e9nom, e-mail\u2026) sont destin\u00e9es uniquement \u00e0 l\u2019usage du Repair Caf\u00e9 648 et ne sont ni c\u00e9d\u00e9es ni vendues \u00e0 des tiers.<\/h6><h6 data-start=\"1350\" data-end=\"1615\">Conform\u00e9ment au R\u00e8glement G\u00e9n\u00e9ral sur la Protection des Donn\u00e9es (RGPD), vous disposez d\u2019un droit d\u2019acc\u00e8s, de rectification, de suppression et d\u2019opposition concernant vos donn\u00e9es personnelles.<br data-start=\"1541\" data-end=\"1544\" \/>Pour exercer ces droits, contactez-nous \u00e0 :\u00a0<span style=\"text-align: var(--text-align); letter-spacing: 0px; word-spacing: 0em;\">olivia.corradini@gmail.com<\/span><\/h6><h6 data-start=\"1617\" data-end=\"1636\"><strong>5. Cookies<\/strong><\/h6><h6 data-start=\"1637\" data-end=\"1874\">Le site peut utiliser des cookies pour am\u00e9liorer l\u2019exp\u00e9rience utilisateur et mesurer l\u2019audience. En poursuivant votre navigation, vous acceptez l\u2019utilisation de cookies. Vous pouvez les d\u00e9sactiver dans les param\u00e8tres de votre navigateur.<\/h6><h6 data-start=\"1876\" data-end=\"1902\"><strong>6. Responsabilit\u00e9<\/strong><\/h6><h6 data-start=\"1903\" data-end=\"2106\">Olivia Corradini s\u2019efforce d\u2019assurer l\u2019exactitude des informations diffus\u00e9es sur ce site. Toutefois, elle ne peut \u00eatre tenue responsable des erreurs, omissions ou d\u2019un usage inappropri\u00e9 des contenus.<\/h6>\t\t\t\t\t\t\t\t<\/div>\n\t\t\t\t<\/div>\n\t\t\t\t\t<\/div>\n\t\t\t\t<\/div>\n\t\t<div class=\"elementor-element elementor-element-c0e98b0 e-flex e-con-boxed wpr-particle-no wpr-jarallax-no wpr-parallax-no wpr-sticky-section-no e-con e-parent\" data-id=\"c0e98b0\" data-element_type=\"container\">\n\t\t\t\t\t<div class=\"e-con-inner\">\n\t\t\t\t<div class=\"elementor-element elementor-element-b4f3a08 elementor-widget elementor-widget-spacer\" data-id=\"b4f3a08\" data-element_type=\"widget\" data-widget_type=\"spacer.default\">\n\t\t\t\t<div class=\"elementor-widget-container\">\n\t\t\t\t\t\t\t<div class=\"elementor-spacer\">\n\t\t\t<div class=\"elementor-spacer-inner\"><\/div>\n\t\t<\/div>\n\t\t\t\t\t\t<\/div>\n\t\t\t\t<\/div>\n\t\t\t\t\t<\/div>\n\t\t\t\t<\/div>\n\t\t<div class=\"elementor-element elementor-element-57282ff e-flex e-con-boxed wpr-particle-no wpr-jarallax-no wpr-parallax-no wpr-sticky-section-no e-con e-parent\" data-id=\"57282ff\" data-element_type=\"container\">\n\t\t\t\t\t<div class=\"e-con-inner\">\n\t\t\t\t<div class=\"elementor-element elementor-element-3b22f7d elementor-widget elementor-widget-image\" data-id=\"3b22f7d\" data-element_type=\"widget\" data-widget_type=\"image.default\">\n\t\t\t\t<div class=\"elementor-widget-container\">\n\t\t\t\t\t\t\t\t\t\t\t\t\t\t\t<img fetchpriority=\"high\" decoding=\"async\" width=\"253\" height=\"300\" src=\"https:\/\/oliviacorradini.fr\/wp-content\/uploads\/2025\/01\/giphy-253x300.gif\" class=\"attachment-medium size-medium wp-image-575\" alt=\"\" \/>\t\t\t\t\t\t\t\t\t\t\t\t\t\t\t<\/div>\n\t\t\t\t<\/div>\n\t\t\t\t\t<\/div>\n\t\t\t\t<\/div>\n\t\t\t\t<\/div>\n\t\t","protected":false},"excerpt":{"rendered":"<p>MENTIONS LEGALES 1. \u00c9diteur du site Nom du site : oliviacorradini.frPropri\u00e9taire : Olivia CorradiniEmail : olivia.corradini@gmail.com 2. H\u00e9bergeur du site Nom de l\u2019h\u00e9bergeur : HostingerAdresse :HOSTINGER INTERNATIONAL LTD, 61 Lordou Vironos Street, 6023 Larnaca, ChypreSite web :\u00a0https:\/\/www.hostinger.fr 3. Propri\u00e9t\u00e9 intellectuelle L\u2019ensemble du contenu du site (textes, images, logo, graphismes, etc.) est prot\u00e9g\u00e9 par le droit d\u2019auteur. Toute reproduction ou repr\u00e9sentation, totale ou partielle, sans autorisation \u00e9crite pr\u00e9alable est interdite. 4. Donn\u00e9es personnelles Les informations recueillies via les formulaires de contact ou d\u2019inscription (nom, pr\u00e9nom, e-mail\u2026) sont destin\u00e9es uniquement \u00e0 l\u2019usage du Repair Caf\u00e9 648 et ne sont ni c\u00e9d\u00e9es ni vendues \u00e0 des tiers. Conform\u00e9ment au R\u00e8glement G\u00e9n\u00e9ral sur la Protection des Donn\u00e9es (RGPD), vous disposez d\u2019un droit d\u2019acc\u00e8s, de rectification, de suppression et d\u2019opposition concernant vos donn\u00e9es personnelles.Pour exercer ces droits, contactez-nous \u00e0 :\u00a0olivia.corradini@gmail.com 5. Cookies Le site peut utiliser des cookies pour am\u00e9liorer l\u2019exp\u00e9rience utilisateur et mesurer l\u2019audience. En poursuivant votre navigation, vous acceptez l\u2019utilisation de cookies. Vous pouvez les d\u00e9sactiver dans les param\u00e8tres de votre navigateur. 6. Responsabilit\u00e9 Olivia Corradini s\u2019efforce d\u2019assurer l\u2019exactitude des informations diffus\u00e9es sur ce site. Toutefois, elle ne peut \u00eatre tenue responsable des erreurs, omissions ou d\u2019un usage inappropri\u00e9 des contenus.<\/p>\n","protected":false},"author":1,"featured_media":0,"parent":0,"menu_order":0,"comment_status":"closed","ping_status":"closed","template":"","meta":{"footnotes":""},"class_list":["post-2223","page","type-page","status-publish","hentry"],"aioseo_notices":[],"yoast_head":"<!-- This site is optimized with the Yoast SEO plugin v24.9 - https:\/\/yoast.com\/wordpress\/plugins\/seo\/ -->\n<title>MENTIONS LEGALES - Olivia Corradini-Studio Design Eclectique<\/title>\n<meta name=\"robots\" content=\"index, follow, max-snippet:-1, max-image-preview:large, max-video-preview:-1\" \/>\n<link rel=\"canonical\" href=\"https:\/\/oliviacorradini.fr\/?page_id=2223\" \/>\n<meta property=\"og:locale\" content=\"fr_FR\" \/>\n<meta property=\"og:type\" content=\"article\" \/>\n<meta property=\"og:title\" content=\"MENTIONS LEGALES - Olivia Corradini-Studio Design Eclectique\" \/>\n<meta property=\"og:description\" content=\"MENTIONS LEGALES 1. \u00c9diteur du site Nom du site : oliviacorradini.frPropri\u00e9taire : Olivia CorradiniEmail : olivia.corradini@gmail.com 2. H\u00e9bergeur du site Nom de l\u2019h\u00e9bergeur : HostingerAdresse :HOSTINGER INTERNATIONAL LTD, 61 Lordou Vironos Street, 6023 Larnaca, ChypreSite web :\u00a0https:\/\/www.hostinger.fr 3. Propri\u00e9t\u00e9 intellectuelle L\u2019ensemble du contenu du site (textes, images, logo, graphismes, etc.) est prot\u00e9g\u00e9 par le droit d\u2019auteur. Toute reproduction ou repr\u00e9sentation, totale ou partielle, sans autorisation \u00e9crite pr\u00e9alable est interdite. 4. Donn\u00e9es personnelles Les informations recueillies via les formulaires de contact ou d\u2019inscription (nom, pr\u00e9nom, e-mail\u2026) sont destin\u00e9es uniquement \u00e0 l\u2019usage du Repair Caf\u00e9 648 et ne sont ni c\u00e9d\u00e9es ni vendues \u00e0 des tiers. Conform\u00e9ment au R\u00e8glement G\u00e9n\u00e9ral sur la Protection des Donn\u00e9es (RGPD), vous disposez d\u2019un droit d\u2019acc\u00e8s, de rectification, de suppression et d\u2019opposition concernant vos donn\u00e9es personnelles.Pour exercer ces droits, contactez-nous \u00e0 :\u00a0olivia.corradini@gmail.com 5. Cookies Le site peut utiliser des cookies pour am\u00e9liorer l\u2019exp\u00e9rience utilisateur et mesurer l\u2019audience. En poursuivant votre navigation, vous acceptez l\u2019utilisation de cookies. Vous pouvez les d\u00e9sactiver dans les param\u00e8tres de votre navigateur. 6. Responsabilit\u00e9 Olivia Corradini s\u2019efforce d\u2019assurer l\u2019exactitude des informations diffus\u00e9es sur ce site. Toutefois, elle ne peut \u00eatre tenue responsable des erreurs, omissions ou d\u2019un usage inappropri\u00e9 des contenus.\" \/>\n<meta property=\"og:url\" content=\"https:\/\/oliviacorradini.fr\/?page_id=2223\" \/>\n<meta property=\"og:site_name\" content=\"Olivia Corradini-Studio Design Eclectique\" \/>\n<meta property=\"article:modified_time\" content=\"2025-04-23T16:44:36+00:00\" \/>\n<meta property=\"og:image\" content=\"https:\/\/oliviacorradini.fr\/wp-content\/uploads\/2025\/01\/giphy.gif\" \/>\n\t<meta property=\"og:image:width\" content=\"380\" \/>\n\t<meta property=\"og:image:height\" content=\"450\" \/>\n\t<meta property=\"og:image:type\" content=\"image\/gif\" \/>\n<meta name=\"twitter:card\" content=\"summary_large_image\" \/>\n<meta name=\"twitter:label1\" content=\"Dur\u00e9e de lecture estim\u00e9e\" \/>\n\t<meta name=\"twitter:data1\" content=\"2 minutes\" \/>\n<script type=\"application\/ld+json\" class=\"yoast-schema-graph\">{\"@context\":\"https:\/\/schema.org\",\"@graph\":[{\"@type\":\"WebPage\",\"@id\":\"https:\/\/oliviacorradini.fr\/?page_id=2223\",\"url\":\"https:\/\/oliviacorradini.fr\/?page_id=2223\",\"name\":\"MENTIONS LEGALES - Olivia Corradini-Studio Design Eclectique\",\"isPartOf\":{\"@id\":\"https:\/\/oliviacorradini.fr\/#website\"},\"primaryImageOfPage\":{\"@id\":\"https:\/\/oliviacorradini.fr\/?page_id=2223#primaryimage\"},\"image\":{\"@id\":\"https:\/\/oliviacorradini.fr\/?page_id=2223#primaryimage\"},\"thumbnailUrl\":\"https:\/\/oliviacorradini.fr\/wp-content\/uploads\/2025\/01\/giphy-253x300.gif\",\"datePublished\":\"2025-04-23T16:28:14+00:00\",\"dateModified\":\"2025-04-23T16:44:36+00:00\",\"breadcrumb\":{\"@id\":\"https:\/\/oliviacorradini.fr\/?page_id=2223#breadcrumb\"},\"inLanguage\":\"fr-FR\",\"potentialAction\":[{\"@type\":\"ReadAction\",\"target\":[\"https:\/\/oliviacorradini.fr\/?page_id=2223\"]}]},{\"@type\":\"ImageObject\",\"inLanguage\":\"fr-FR\",\"@id\":\"https:\/\/oliviacorradini.fr\/?page_id=2223#primaryimage\",\"url\":\"https:\/\/oliviacorradini.fr\/wp-content\/uploads\/2025\/01\/giphy.gif\",\"contentUrl\":\"https:\/\/oliviacorradini.fr\/wp-content\/uploads\/2025\/01\/giphy.gif\",\"width\":380,\"height\":450},{\"@type\":\"BreadcrumbList\",\"@id\":\"https:\/\/oliviacorradini.fr\/?page_id=2223#breadcrumb\",\"itemListElement\":[{\"@type\":\"ListItem\",\"position\":1,\"name\":\"Accueil\",\"item\":\"https:\/\/oliviacorradini.fr\/\"},{\"@type\":\"ListItem\",\"position\":2,\"name\":\"MENTIONS LEGALES\"}]},{\"@type\":\"WebSite\",\"@id\":\"https:\/\/oliviacorradini.fr\/#website\",\"url\":\"https:\/\/oliviacorradini.fr\/\",\"name\":\"Olivia Corradini-Studio Design\",\"description\":\"Experte en r\u00e9solution de probl\u00e9matiques cr\u00e9atives\",\"publisher\":{\"@id\":\"https:\/\/oliviacorradini.fr\/#\/schema\/person\/8ffbd77d79315c800dd47b60e2443320\"},\"alternateName\":\"Olivia Corradini\",\"potentialAction\":[{\"@type\":\"SearchAction\",\"target\":{\"@type\":\"EntryPoint\",\"urlTemplate\":\"https:\/\/oliviacorradini.fr\/?s={search_term_string}\"},\"query-input\":{\"@type\":\"PropertyValueSpecification\",\"valueRequired\":true,\"valueName\":\"search_term_string\"}}],\"inLanguage\":\"fr-FR\"},{\"@type\":[\"Person\",\"Organization\"],\"@id\":\"https:\/\/oliviacorradini.fr\/#\/schema\/person\/8ffbd77d79315c800dd47b60e2443320\",\"name\":\"olivia.corradini@gmail.com\",\"image\":{\"@type\":\"ImageObject\",\"inLanguage\":\"fr-FR\",\"@id\":\"https:\/\/oliviacorradini.fr\/#\/schema\/person\/image\/\",\"url\":\"https:\/\/oliviacorradini.fr\/wp-content\/uploads\/2025\/01\/giphy.gif\",\"contentUrl\":\"https:\/\/oliviacorradini.fr\/wp-content\/uploads\/2025\/01\/giphy.gif\",\"width\":380,\"height\":450,\"caption\":\"olivia.corradini@gmail.com\"},\"logo\":{\"@id\":\"https:\/\/oliviacorradini.fr\/#\/schema\/person\/image\/\"},\"description\":\"Designer industriel depuis pr\u00e8s de 20 ans, je vous accompagne au quotidien et assure un suivi personnalis\u00e9 de tous vos projets cr\u00e9atifs. Je mets \u00e0 votre service ma multi-comp\u00e9tence, ma r\u00e9activit\u00e9, mon \u00e9coute et ma capacit\u00e9 \u00e0 m'adapter \u00e0 vos probl\u00e9matique afin de vous accompagner le plus efficacement possible tout au long du processus cr\u00e9atif. De la strat\u00e9gie design au dossier technique industriel complet, en passant par de l'am\u00e9nagement d'espace, de l'identit\u00e9 graphique, de l'illustration ou m\u00eame \u00e0 la r\u00e9alisation de fresques murales, ce qui me motive et me porte sont la diversit\u00e9 et le challenge de la nouveaut\u00e9.\",\"sameAs\":[\"http:\/\/oliviacorradini.fr\",\"https:\/\/www.instagram.com\/____o.l.i.v.e____\/\",\"https:\/\/www.linkedin.com\/in\/olivia-corradini-designer\/\",\"https:\/\/fr.pinterest.com\/oliviacorradini\/\"]}]}<\/script>\n<!-- \/ Yoast SEO plugin. -->","yoast_head_json":{"title":"MENTIONS LEGALES - Olivia Corradini-Studio Design Eclectique","robots":{"index":"index","follow":"follow","max-snippet":"max-snippet:-1","max-image-preview":"max-image-preview:large","max-video-preview":"max-video-preview:-1"},"canonical":"https:\/\/oliviacorradini.fr\/?page_id=2223","og_locale":"fr_FR","og_type":"article","og_title":"MENTIONS LEGALES - Olivia Corradini-Studio Design Eclectique","og_description":"MENTIONS LEGALES 1. \u00c9diteur du site Nom du site : oliviacorradini.frPropri\u00e9taire : Olivia CorradiniEmail : olivia.corradini@gmail.com 2. H\u00e9bergeur du site Nom de l\u2019h\u00e9bergeur : HostingerAdresse :HOSTINGER INTERNATIONAL LTD, 61 Lordou Vironos Street, 6023 Larnaca, ChypreSite web :\u00a0https:\/\/www.hostinger.fr 3. Propri\u00e9t\u00e9 intellectuelle L\u2019ensemble du contenu du site (textes, images, logo, graphismes, etc.) est prot\u00e9g\u00e9 par le droit d\u2019auteur. Toute reproduction ou repr\u00e9sentation, totale ou partielle, sans autorisation \u00e9crite pr\u00e9alable est interdite. 4. Donn\u00e9es personnelles Les informations recueillies via les formulaires de contact ou d\u2019inscription (nom, pr\u00e9nom, e-mail\u2026) sont destin\u00e9es uniquement \u00e0 l\u2019usage du Repair Caf\u00e9 648 et ne sont ni c\u00e9d\u00e9es ni vendues \u00e0 des tiers. Conform\u00e9ment au R\u00e8glement G\u00e9n\u00e9ral sur la Protection des Donn\u00e9es (RGPD), vous disposez d\u2019un droit d\u2019acc\u00e8s, de rectification, de suppression et d\u2019opposition concernant vos donn\u00e9es personnelles.Pour exercer ces droits, contactez-nous \u00e0 :\u00a0olivia.corradini@gmail.com 5. Cookies Le site peut utiliser des cookies pour am\u00e9liorer l\u2019exp\u00e9rience utilisateur et mesurer l\u2019audience. En poursuivant votre navigation, vous acceptez l\u2019utilisation de cookies. Vous pouvez les d\u00e9sactiver dans les param\u00e8tres de votre navigateur. 6. Responsabilit\u00e9 Olivia Corradini s\u2019efforce d\u2019assurer l\u2019exactitude des informations diffus\u00e9es sur ce site. Toutefois, elle ne peut \u00eatre tenue responsable des erreurs, omissions ou d\u2019un usage inappropri\u00e9 des contenus.","og_url":"https:\/\/oliviacorradini.fr\/?page_id=2223","og_site_name":"Olivia Corradini-Studio Design Eclectique","article_modified_time":"2025-04-23T16:44:36+00:00","og_image":[{"width":380,"height":450,"url":"https:\/\/oliviacorradini.fr\/wp-content\/uploads\/2025\/01\/giphy.gif","type":"image\/gif"}],"twitter_card":"summary_large_image","twitter_misc":{"Dur\u00e9e de lecture estim\u00e9e":"2 minutes"},"schema":{"@context":"https:\/\/schema.org","@graph":[{"@type":"WebPage","@id":"https:\/\/oliviacorradini.fr\/?page_id=2223","url":"https:\/\/oliviacorradini.fr\/?page_id=2223","name":"MENTIONS LEGALES - Olivia Corradini-Studio Design Eclectique","isPartOf":{"@id":"https:\/\/oliviacorradini.fr\/#website"},"primaryImageOfPage":{"@id":"https:\/\/oliviacorradini.fr\/?page_id=2223#primaryimage"},"image":{"@id":"https:\/\/oliviacorradini.fr\/?page_id=2223#primaryimage"},"thumbnailUrl":"https:\/\/oliviacorradini.fr\/wp-content\/uploads\/2025\/01\/giphy-253x300.gif","datePublished":"2025-04-23T16:28:14+00:00","dateModified":"2025-04-23T16:44:36+00:00","breadcrumb":{"@id":"https:\/\/oliviacorradini.fr\/?page_id=2223#breadcrumb"},"inLanguage":"fr-FR","potentialAction":[{"@type":"ReadAction","target":["https:\/\/oliviacorradini.fr\/?page_id=2223"]}]},{"@type":"ImageObject","inLanguage":"fr-FR","@id":"https:\/\/oliviacorradini.fr\/?page_id=2223#primaryimage","url":"https:\/\/oliviacorradini.fr\/wp-content\/uploads\/2025\/01\/giphy.gif","contentUrl":"https:\/\/oliviacorradini.fr\/wp-content\/uploads\/2025\/01\/giphy.gif","width":380,"height":450},{"@type":"BreadcrumbList","@id":"https:\/\/oliviacorradini.fr\/?page_id=2223#breadcrumb","itemListElement":[{"@type":"ListItem","position":1,"name":"Accueil","item":"https:\/\/oliviacorradini.fr\/"},{"@type":"ListItem","position":2,"name":"MENTIONS LEGALES"}]},{"@type":"WebSite","@id":"https:\/\/oliviacorradini.fr\/#website","url":"https:\/\/oliviacorradini.fr\/","name":"Olivia Corradini-Studio Design","description":"Experte en r\u00e9solution de probl\u00e9matiques cr\u00e9atives","publisher":{"@id":"https:\/\/oliviacorradini.fr\/#\/schema\/person\/8ffbd77d79315c800dd47b60e2443320"},"alternateName":"Olivia Corradini","potentialAction":[{"@type":"SearchAction","target":{"@type":"EntryPoint","urlTemplate":"https:\/\/oliviacorradini.fr\/?s={search_term_string}"},"query-input":{"@type":"PropertyValueSpecification","valueRequired":true,"valueName":"search_term_string"}}],"inLanguage":"fr-FR"},{"@type":["Person","Organization"],"@id":"https:\/\/oliviacorradini.fr\/#\/schema\/person\/8ffbd77d79315c800dd47b60e2443320","name":"olivia.corradini@gmail.com","image":{"@type":"ImageObject","inLanguage":"fr-FR","@id":"https:\/\/oliviacorradini.fr\/#\/schema\/person\/image\/","url":"https:\/\/oliviacorradini.fr\/wp-content\/uploads\/2025\/01\/giphy.gif","contentUrl":"https:\/\/oliviacorradini.fr\/wp-content\/uploads\/2025\/01\/giphy.gif","width":380,"height":450,"caption":"olivia.corradini@gmail.com"},"logo":{"@id":"https:\/\/oliviacorradini.fr\/#\/schema\/person\/image\/"},"description":"Designer industriel depuis pr\u00e8s de 20 ans, je vous accompagne au quotidien et assure un suivi personnalis\u00e9 de tous vos projets cr\u00e9atifs. Je mets \u00e0 votre service ma multi-comp\u00e9tence, ma r\u00e9activit\u00e9, mon \u00e9coute et ma capacit\u00e9 \u00e0 m'adapter \u00e0 vos probl\u00e9matique afin de vous accompagner le plus efficacement possible tout au long du processus cr\u00e9atif. De la strat\u00e9gie design au dossier technique industriel complet, en passant par de l'am\u00e9nagement d'espace, de l'identit\u00e9 graphique, de l'illustration ou m\u00eame \u00e0 la r\u00e9alisation de fresques murales, ce qui me motive et me porte sont la diversit\u00e9 et le challenge de la nouveaut\u00e9.","sameAs":["http:\/\/oliviacorradini.fr","https:\/\/www.instagram.com\/____o.l.i.v.e____\/","https:\/\/www.linkedin.com\/in\/olivia-corradini-designer\/","https:\/\/fr.pinterest.com\/oliviacorradini\/"]}]}},"_links":{"self":[{"href":"https:\/\/oliviacorradini.fr\/index.php?rest_route=\/wp\/v2\/pages\/2223","targetHints":{"allow":["GET"]}}],"collection":[{"href":"https:\/\/oliviacorradini.fr\/index.php?rest_route=\/wp\/v2\/pages"}],"about":[{"href":"https:\/\/oliviacorradini.fr\/index.php?rest_route=\/wp\/v2\/types\/page"}],"author":[{"embeddable":true,"href":"https:\/\/oliviacorradini.fr\/index.php?rest_route=\/wp\/v2\/users\/1"}],"replies":[{"embeddable":true,"href":"https:\/\/oliviacorradini.fr\/index.php?rest_route=%2Fwp%2Fv2%2Fcomments&post=2223"}],"version-history":[{"count":7,"href":"https:\/\/oliviacorradini.fr\/index.php?rest_route=\/wp\/v2\/pages\/2223\/revisions"}],"predecessor-version":[{"id":2241,"href":"https:\/\/oliviacorradini.fr\/index.php?rest_route=\/wp\/v2\/pages\/2223\/revisions\/2241"}],"wp:attachment":[{"href":"https:\/\/oliviacorradini.fr\/index.php?rest_route=%2Fwp%2Fv2%2Fmedia&parent=2223"}],"curies":[{"name":"wp","href":"https:\/\/api.w.org\/{rel}","templated":true}]}}